{"id":25385,"date":"2023-10-27T13:04:08","date_gmt":"2023-10-27T13:04:08","guid":{"rendered":"https:\/\/slperfumes.com\/product\/ch-good-girl-supreme\/"},"modified":"2023-10-27T13:04:08","modified_gmt":"2023-10-27T13:04:08","slug":"ch-good-girl-supreme","status":"publish","type":"product","link":"https:\/\/slperfumes.com\/ar\/product\/ch-good-girl-supreme\/","title":{"rendered":"CH GOOD GIRL SUPREME"},"content":{"rendered":"<ul class=\"a-unordered-list a-vertical a-spacing-mini\">\n<li class=\"a-spacing-mini\"><span class=\"a-list-item\">THE DUALITY OF THE FEMININE. Even good girls sometimes break the rules. Supr\u00eame embodies this sentiment with bold class, intertwining an unexpected splash of berry with the aphrodisiac Egyptian jasmine.<\/span><\/li>\n<li class=\"a-spacing-mini\"><span class=\"a-list-item\">DARING DESIGN. Housed in redesigned haute couture, Supr\u00eame enhances the stiletto design of the classic Good Girl scent, endowing the heel architecture with glamorous glitter d\u00e9grad\u00e9.<\/span><\/li>\n<li class=\"a-spacing-mini\"><span class=\"a-list-item\">DEFY CONVENTIONS. Good Girl Supr\u00eame steps on the scene with fresh berry notes, giving way to alluring hints of Egyptian jasmine, and drying into musky undertones of earthy tonka bean and soft vetiver.<\/span><\/li>\n<li class=\"a-spacing-mini\"><span class=\"a-list-item\">RADIANT, LONG-LASTING SCENT. Excite and enthrall your senses with a floral, amber scent that emanates all day<\/span><\/li>\n<li class=\"a-spacing-mini\"><span class=\"a-list-item\">CHIC ELEGANCE AND BEYOND. Established in 1980, the iconic Carolina Herrera Fashion and Fragrance house has always specialized in curating sophisticated, classic fragrances with uniquely unexpected notes and twists.<\/span><\/li>\n<\/ul>\n","protected":false},"excerpt":{"rendered":"<p>THE DUALITY OF THE FEMININE. Even good girls sometimes break the rules. Supr\u00eame embodies this sentiment with bold class, intertwining<\/p>\n","protected":false},"featured_media":23316,"comment_status":"open","ping_status":"closed","template":"","meta":[],"product_brand":[],"product_cat":[826,829],"product_tag":[],"class_list":{"0":"post-25385","1":"product","2":"type-product","3":"status-publish","4":"has-post-thumbnail","6":"product_cat-826","7":"product_cat-829","9":"first","10":"instock","11":"sale","12":"shipping-taxable","13":"purchasable","14":"product-type-simple"},"_links":{"self":[{"href":"https:\/\/slperfumes.com\/ar\/wp-json\/wp\/v2\/product\/25385"}],"collection":[{"href":"https:\/\/slperfumes.com\/ar\/wp-json\/wp\/v2\/product"}],"about":[{"href":"https:\/\/slperfumes.com\/ar\/wp-json\/wp\/v2\/types\/product"}],"replies":[{"embeddable":true,"href":"https:\/\/slperfumes.com\/ar\/wp-json\/wp\/v2\/comments?post=25385"}],"version-history":[{"count":0,"href":"https:\/\/slperfumes.com\/ar\/wp-json\/wp\/v2\/product\/25385\/revisions"}],"wp:featuredmedia":[{"embeddable":true,"href":"https:\/\/slperfumes.com\/ar\/wp-json\/wp\/v2\/media\/23316"}],"wp:attachment":[{"href":"https:\/\/slperfumes.com\/ar\/wp-json\/wp\/v2\/media?parent=25385"}],"wp:term":[{"taxonomy":"product_brand","embeddable":true,"href":"https:\/\/slperfumes.com\/ar\/wp-json\/wp\/v2\/product_brand?post=25385"},{"taxonomy":"product_cat","embeddable":true,"href":"https:\/\/slperfumes.com\/ar\/wp-json\/wp\/v2\/product_cat?post=25385"},{"taxonomy":"product_tag","embeddable":true,"href":"https:\/\/slperfumes.com\/ar\/wp-json\/wp\/v2\/product_tag?post=25385"}],"curies":[{"name":"wp","href":"https:\/\/api.w.org\/{rel}","templated":true}]}}