{"id":25383,"date":"2023-10-27T13:10:06","date_gmt":"2023-10-27T13:10:06","guid":{"rendered":"https:\/\/slperfumes.com\/product\/ch-212-vip-rose\/"},"modified":"2023-10-27T13:10:06","modified_gmt":"2023-10-27T13:10:06","slug":"ch-212-vip-rose","status":"publish","type":"product","link":"https:\/\/slperfumes.com\/ar\/product\/ch-212-vip-rose\/","title":{"rendered":"CH 212 VIP ROSE"},"content":{"rendered":"<ul class=\"a-unordered-list a-vertical a-spacing-mini\">\n<li class=\"a-spacing-mini\"><span class=\"a-list-item\">POP THE CHAMPAGNE. For the classic New York woman who\u2019s always on the go, this flirty, upbeat scent carries you all the way from your morning coffee to your evening champagne toast.<\/span><\/li>\n<li class=\"a-spacing-mini\"><span class=\"a-list-item\">ALWAYS ON THE LIST. A design inspired by the sensuality and vibrancy of city life, this day-to-night scent arrives in a stylish matte ros\u00e9 version of the signature VIP cylinder bottle.<\/span><\/li>\n<li class=\"a-spacing-mini\"><span class=\"a-list-item\">ROS\u00ca EVERYDAY. ENERGIZE AND EXCITE YOUR SENSES. 212 VIP Ros\u00e9 emulates the sound and spice of the city, arriving with a glittery splash of champagne ros\u00e9 and peach blossom, and drying into warmer classic tones of amber and queenwood.<\/span><\/li>\n<li class=\"a-spacing-mini\"><span class=\"a-list-item\">RADIANT, LONG-LASTING SCENT. Excite and enthrall your senses with a spicy, fruity scent that emanates all day<\/span><\/li>\n<li class=\"a-spacing-mini\"><span class=\"a-list-item\">CHIC ELEGANCE AND BEYOND. Established in 1980, the iconic Carolina Herrera Fashion and Fragrance house has always specialized in curating sophisticated, classic fragrances with uniquely unexpected notes and twists.<\/span><\/li>\n<\/ul>\n","protected":false},"excerpt":{"rendered":"<p>POP THE CHAMPAGNE. For the classic New York woman who\u2019s always on the go, this flirty, upbeat scent carries you<\/p>\n","protected":false},"featured_media":23324,"comment_status":"open","ping_status":"closed","template":"","meta":[],"product_brand":[],"product_cat":[826,829],"product_tag":[],"class_list":{"0":"post-25383","1":"product","2":"type-product","3":"status-publish","4":"has-post-thumbnail","6":"product_cat-826","7":"product_cat-829","9":"first","10":"instock","11":"sale","12":"shipping-taxable","13":"purchasable","14":"product-type-simple"},"_links":{"self":[{"href":"https:\/\/slperfumes.com\/ar\/wp-json\/wp\/v2\/product\/25383"}],"collection":[{"href":"https:\/\/slperfumes.com\/ar\/wp-json\/wp\/v2\/product"}],"about":[{"href":"https:\/\/slperfumes.com\/ar\/wp-json\/wp\/v2\/types\/product"}],"replies":[{"embeddable":true,"href":"https:\/\/slperfumes.com\/ar\/wp-json\/wp\/v2\/comments?post=25383"}],"version-history":[{"count":0,"href":"https:\/\/slperfumes.com\/ar\/wp-json\/wp\/v2\/product\/25383\/revisions"}],"wp:featuredmedia":[{"embeddable":true,"href":"https:\/\/slperfumes.com\/ar\/wp-json\/wp\/v2\/media\/23324"}],"wp:attachment":[{"href":"https:\/\/slperfumes.com\/ar\/wp-json\/wp\/v2\/media?parent=25383"}],"wp:term":[{"taxonomy":"product_brand","embeddable":true,"href":"https:\/\/slperfumes.com\/ar\/wp-json\/wp\/v2\/product_brand?post=25383"},{"taxonomy":"product_cat","embeddable":true,"href":"https:\/\/slperfumes.com\/ar\/wp-json\/wp\/v2\/product_cat?post=25383"},{"taxonomy":"product_tag","embeddable":true,"href":"https:\/\/slperfumes.com\/ar\/wp-json\/wp\/v2\/product_tag?post=25383"}],"curies":[{"name":"wp","href":"https:\/\/api.w.org\/{rel}","templated":true}]}}