{"id":24303,"date":"2023-10-29T16:30:33","date_gmt":"2023-10-29T16:30:33","guid":{"rendered":"https:\/\/slperfumes.com\/product\/unique-luxury-kutay-extrait-de-parfum\/"},"modified":"2023-12-01T13:17:18","modified_gmt":"2023-12-01T13:17:18","slug":"unique-luxury-kutay-extrait-de-parfum","status":"publish","type":"product","link":"https:\/\/slperfumes.com\/ar\/product\/unique-luxury-kutay-extrait-de-parfum\/","title":{"rendered":"UNIQUE LUXURY KUTAY"},"content":{"rendered":"<p><b>Kutay<\/b>\u00a0by\u00a0<b>Unique&#8217;e Luxury<\/b>\u00a0is a Amber Woody fragrance for women and men.\u00a0<b>Kutay<\/b>\u00a0was launched in 2019. The nose behind this fragrance is H\u00fcseyin Erdo\u011fmu\u015f. Top notes are Whiskey, Davana, Bergamot and Lemon; middle notes are Agarwood (Oud), Caramel and Cypriol Oil or Nagarmotha; base notes are Tobacco, Amber, Sandalwood and Vanilla.<\/p>\n<div class=\"fragrantica-blockquote\"><\/div>\n","protected":false},"excerpt":{"rendered":"<p>Kutay\u00a0by\u00a0Unique&#8217;e Luxury\u00a0is a Amber Woody fragrance for women and men.\u00a0Kutay\u00a0was launched in 2019. The nose behind this fragrance is H\u00fcseyin<\/p>\n","protected":false},"featured_media":24295,"comment_status":"open","ping_status":"closed","template":"","meta":[],"product_brand":[],"product_cat":[826,829,827],"product_tag":[],"class_list":{"0":"post-24303","1":"product","2":"type-product","3":"status-publish","4":"has-post-thumbnail","6":"product_cat-826","7":"product_cat-829","8":"product_cat-827","10":"first","11":"instock","12":"sale","13":"shipping-taxable","14":"purchasable","15":"product-type-simple"},"_links":{"self":[{"href":"https:\/\/slperfumes.com\/ar\/wp-json\/wp\/v2\/product\/24303"}],"collection":[{"href":"https:\/\/slperfumes.com\/ar\/wp-json\/wp\/v2\/product"}],"about":[{"href":"https:\/\/slperfumes.com\/ar\/wp-json\/wp\/v2\/types\/product"}],"replies":[{"embeddable":true,"href":"https:\/\/slperfumes.com\/ar\/wp-json\/wp\/v2\/comments?post=24303"}],"version-history":[{"count":1,"href":"https:\/\/slperfumes.com\/ar\/wp-json\/wp\/v2\/product\/24303\/revisions"}],"predecessor-version":[{"id":25469,"href":"https:\/\/slperfumes.com\/ar\/wp-json\/wp\/v2\/product\/24303\/revisions\/25469"}],"wp:featuredmedia":[{"embeddable":true,"href":"https:\/\/slperfumes.com\/ar\/wp-json\/wp\/v2\/media\/24295"}],"wp:attachment":[{"href":"https:\/\/slperfumes.com\/ar\/wp-json\/wp\/v2\/media?parent=24303"}],"wp:term":[{"taxonomy":"product_brand","embeddable":true,"href":"https:\/\/slperfumes.com\/ar\/wp-json\/wp\/v2\/product_brand?post=24303"},{"taxonomy":"product_cat","embeddable":true,"href":"https:\/\/slperfumes.com\/ar\/wp-json\/wp\/v2\/product_cat?post=24303"},{"taxonomy":"product_tag","embeddable":true,"href":"https:\/\/slperfumes.com\/ar\/wp-json\/wp\/v2\/product_tag?post=24303"}],"curies":[{"name":"wp","href":"https:\/\/api.w.org\/{rel}","templated":true}]}}